{"id":6136,"date":"2025-11-24T09:59:42","date_gmt":"2025-11-24T09:59:42","guid":{"rendered":"https:\/\/fruitoflife.eu\/?post_type=product&#038;p=6136"},"modified":"2025-11-25T09:14:42","modified_gmt":"2025-11-25T09:14:42","slug":"demeter-bio-pistazie","status":"publish","type":"product","link":"https:\/\/fruitoflife.eu\/de\/produkt\/demeter-bio-pistazie","title":{"rendered":"Demeter-Bio-Pistazien ger\u00f6stet und gesalzen"},"content":{"rendered":"<div style=\"background-color: #f4f1e8; border-left: 4px solid #b38b4d; padding: 12px 16px; margin-bottom: 16px; font-size: 0.95rem; font-weight: 500; text-transform: uppercase; letter-spacing: 0.05em;\">VERF\u00dcGBAR AB FEBRUAR 2026<\/div>\n<p data-start=\"779\" data-end=\"980\">Entdecken Sie unser <strong data-start=\"796\" data-end=\"861\">Demeter-zertifizierte Bio-Pistazien ger\u00f6stet und gesalzen<\/strong>ein gesunder, knuspriger und geschmackvoller Snack, der nach den Prinzipien der <strong data-start=\"952\" data-end=\"979\">biodynamische Landwirtschaft<\/strong>.<\/p>\n<p data-start=\"982\" data-end=\"1284\">Unter <strong data-start=\"985\" data-end=\"1002\">Frucht des Lebens<\/strong> wollen wir maximale Transparenz wahren. Deshalb informieren wir Sie, dass diese Pistazie <strong data-start=\"1089\" data-end=\"1122\">kommt nicht von unseren Bauernh\u00f6fen<\/strong>wurde aber <strong data-start=\"1141\" data-end=\"1197\">angebaut von vertrauensw\u00fcrdigen Demeter-Erzeugern<\/strong>Wir engagieren uns f\u00fcr die Nachhaltigkeit unserer Unternehmen, Freunde und Mitarbeiter, die unsere Werte und Standards der Nachhaltigkeit teilen.<\/p>\n<p data-start=\"1286\" data-end=\"1398\"><strong data-start=\"1286\" data-end=\"1398\">Von Fruit of Life vermarktetes Produkt mit Demeter-Zertifizierung, das von einer Gruppe befreundeter Erzeuger stammt.<\/strong><\/p>\n<p data-start=\"1400\" data-end=\"1665\">Die leichte R\u00f6stung und der richtige Hauch von Meersalz heben den nat\u00fcrlichen Geschmack der Pistazie hervor und bewahren alle ihre N\u00e4hrwerte: gesunde Fette, pflanzliche Proteine, Ballaststoffe und Antioxidantien. Es ist ein perfekter Snack, den man zu jeder Tageszeit genie\u00dfen kann.<\/p>\n<p data-start=\"1191\" data-end=\"1412\"><strong>125 g pro Beutel, ideal f\u00fcr einen gesunden und hochwertigen Snack.<\/strong><\/p>\n<h3 data-start=\"1667\" data-end=\"1702\"><strong data-start=\"1671\" data-end=\"1702\">Hauptmerkmale<\/strong><\/h3>\n<ul data-start=\"1703\" data-end=\"2096\">\n<li data-start=\"1703\" data-end=\"1784\">\n<p data-start=\"1705\" data-end=\"1784\">Zertifizierung <strong data-start=\"1719\" data-end=\"1730\">Demeter<\/strong>internationale Garantie der biologisch-dynamischen Landwirtschaft.<\/p>\n<\/li>\n<li data-start=\"1785\" data-end=\"1836\">\n<p data-start=\"1787\" data-end=\"1836\">Pistazien <strong data-start=\"1796\" data-end=\"1816\">ger\u00f6stet und gesalzen<\/strong> auf nat\u00fcrliche Art und Weise.<\/p>\n<\/li>\n<li data-start=\"1837\" data-end=\"1897\">\n<p data-start=\"1839\" data-end=\"1897\">Von <strong data-start=\"1853\" data-end=\"1894\">zertifizierte vertrauensw\u00fcrdige Hersteller<\/strong>.<\/p>\n<\/li>\n<li data-start=\"1898\" data-end=\"1962\">\n<p data-start=\"1900\" data-end=\"1962\">Reich an Eiwei\u00df, gesunden Fetten und wichtigen Mineralien.<\/p>\n<\/li>\n<li data-start=\"1963\" data-end=\"2022\">\n<p data-start=\"1965\" data-end=\"2022\">Ideal als Vorspeise, gesunder Snack oder Beilage.<\/p>\n<\/li>\n<li data-start=\"2023\" data-end=\"2096\">\n<p data-start=\"2025\" data-end=\"2096\"><strong data-start=\"2025\" data-end=\"2047\">\u00d6kologisches Produkt<\/strong>keine Zusatzstoffe, keine Chemikalien, keine Konservierungsmittel.<\/p>\n<\/li>\n<\/ul>\n<p data-start=\"2098\" data-end=\"2196\">Das beste biodynamische Aroma, sorgf\u00e4ltig ausgew\u00e4hlt, um unser Fruit of Life-Sortiment zu begleiten.<\/p>\n<p data-start=\"2098\" data-end=\"2196\">Direkt aus La Mancha auf Ihren Tisch.<\/p>\n<p data-start=\"1427\" data-end=\"1571\"><img decoding=\"async\" class=\"alignnone wp-image-5888\" src=\"https:\/\/fruitoflife.eu\/wp-content\/uploads\/2025\/10\/demeter-logo-300x144.png\" alt=\"\" width=\"196\" height=\"94\" title=\"\" srcset=\"https:\/\/fruitoflife.eu\/wp-content\/uploads\/2025\/10\/demeter-logo-300x144.png 300w, https:\/\/fruitoflife.eu\/wp-content\/uploads\/2025\/10\/demeter-logo-1024x493.png 1024w, https:\/\/fruitoflife.eu\/wp-content\/uploads\/2025\/10\/demeter-logo-768x370.png 768w, https:\/\/fruitoflife.eu\/wp-content\/uploads\/2025\/10\/demeter-logo.png 1057w\" sizes=\"(max-width: 196px) 100vw, 196px\" \/>.\u00a0 \u00a0 \u00a0.\u00a0 \u00a0 \u00a0<img decoding=\"async\" class=\"alignnone wp-image-5955\" src=\"https:\/\/fruitoflife.eu\/wp-content\/uploads\/2025\/10\/logo-ecologico.png\" alt=\"\" width=\"148\" height=\"118\" title=\"\"><\/p>","protected":false},"excerpt":{"rendered":"<p data-start=\"2265\" data-end=\"2526\">Ger\u00f6stete und gesalzene Bio-Pistazien <strong data-start=\"2301\" data-end=\"2324\">Demeter-Zertifikat<\/strong>von <strong>eine Gruppe von vertrauensw\u00fcrdigen Produzentenfreunden<\/strong>. Von Fruit of Life vermarktetes Produkt mit absoluter Transparenz und Engagement f\u00fcr biodynamische Landwirtschaft. Ein gesunder, nat\u00fcrlicher Snack mit viel Geschmack. Direkt aus La Mancha auf Ihren Tisch.<\/p>\n<p data-start=\"2265\" data-end=\"2526\"><strong>125 g pro Beutel.<\/strong><\/p>","protected":false},"featured_media":6188,"template":"","meta":[],"product_brand":[],"product_cat":[102],"product_tag":[110,109,83,105,114,104,103,117,116,112,107,113,106,115,108,111],"class_list":{"0":"post-6136","1":"product","2":"type-product","3":"status-publish","4":"has-post-thumbnail","6":"product_cat-pistachos-ecologicos-demeter","7":"product_tag-agricultura-biodinamica","8":"product_tag-frutos-secos-demeter","9":"product_tag-frutos-secos-ecologicos","10":"product_tag-pistacho-biodinamico","11":"product_tag-pistacho-certificado","12":"product_tag-pistacho-demeter","13":"product_tag-pistacho-ecologico","14":"product_tag-pistacho-europeo","15":"product_tag-pistacho-natural","16":"product_tag-pistacho-premium","17":"product_tag-pistacho-salado","18":"product_tag-pistacho-sostenible","19":"product_tag-pistacho-tostado","20":"product_tag-producto-demeter","21":"product_tag-snack-ecologico","22":"product_tag-snack-saludable","24":"first","25":"instock","26":"shipping-taxable","27":"product-type-simple"},"_links":{"self":[{"href":"https:\/\/fruitoflife.eu\/de\/wp-json\/wp\/v2\/product\/6136","targetHints":{"allow":["GET"]}}],"collection":[{"href":"https:\/\/fruitoflife.eu\/de\/wp-json\/wp\/v2\/product"}],"about":[{"href":"https:\/\/fruitoflife.eu\/de\/wp-json\/wp\/v2\/types\/product"}],"wp:featuredmedia":[{"embeddable":true,"href":"https:\/\/fruitoflife.eu\/de\/wp-json\/wp\/v2\/media\/6188"}],"wp:attachment":[{"href":"https:\/\/fruitoflife.eu\/de\/wp-json\/wp\/v2\/media?parent=6136"}],"wp:term":[{"taxonomy":"product_brand","embeddable":true,"href":"https:\/\/fruitoflife.eu\/de\/wp-json\/wp\/v2\/product_brand?post=6136"},{"taxonomy":"product_cat","embeddable":true,"href":"https:\/\/fruitoflife.eu\/de\/wp-json\/wp\/v2\/product_cat?post=6136"},{"taxonomy":"product_tag","embeddable":true,"href":"https:\/\/fruitoflife.eu\/de\/wp-json\/wp\/v2\/product_tag?post=6136"}],"curies":[{"name":"wp","href":"https:\/\/api.w.org\/{rel}","templated":true}]}}